{"id":51446,"date":"2025-03-26T06:56:34","date_gmt":"2025-03-26T06:56:34","guid":{"rendered":"https:\/\/drvarsak.com\/kinn-injektionen\/"},"modified":"2025-09-17T13:25:25","modified_gmt":"2025-09-17T13:25:25","slug":"kinn-injektionen","status":"publish","type":"page","link":"https:\/\/drvarsak.com\/de\/kinn-injektionen\/","title":{"rendered":"Kinn-Injektionen"},"content":{"rendered":"\t\t<div data-elementor-type=\"wp-page\" data-elementor-id=\"51446\" class=\"elementor elementor-51446 elementor-43282\" data-elementor-post-type=\"page\">\n\t\t\t\t<div class=\"elementor-element elementor-element-2a4178c e-flex e-con-boxed cmsmasters-block-default e-con e-parent\" data-id=\"2a4178c\" data-element_type=\"container\" data-e-type=\"container\">\n\t\t\t\t\t<div class=\"e-con-inner\">\n\t\t\t\t\t<\/div>\n\t\t\t\t<\/div>\n\t\t<div class=\"elementor-element elementor-element-9a3d6d0 e-flex e-con-boxed cmsmasters-block-default e-con e-parent\" data-id=\"9a3d6d0\" data-element_type=\"container\" data-e-type=\"container\">\n\t\t\t\t\t<div class=\"e-con-inner\">\n\t\t<div class=\"elementor-element elementor-element-8bd8bfa e-con-full e-flex cmsmasters-block-default e-con e-child\" data-id=\"8bd8bfa\" data-element_type=\"container\" data-e-type=\"container\">\n\t\t\t\t<div class=\"elementor-element elementor-element-fa9dac1 elementor-icon-list--layout-traditional elementor-list-item-link-full_width cmsmasters-block-default cmsmasters-sticky-default elementor-widget elementor-widget-icon-list\" data-id=\"fa9dac1\" data-element_type=\"widget\" data-e-type=\"widget\" data-widget_type=\"icon-list.default\">\n\t\t\t\t<div class=\"elementor-widget-container\">\n\t\t\t\t\t\t\t<ul class=\"elementor-icon-list-items\">\n\t\t\t\t\t\t\t<li class=\"elementor-icon-list-item\">\n\t\t\t\t\t\t\t\t\t\t\t<span class=\"elementor-icon-list-icon\">\n\t\t\t\t\t\t\t<i aria-hidden=\"true\" class=\"jki jki-doctor-light\"><\/i>\t\t\t\t\t\t<\/span>\n\t\t\t\t\t\t\t\t\t\t<span class=\"elementor-icon-list-text\">Chirurg:Yasin K\u00fcr\u015fad Varsak MD<\/span>\n\t\t\t\t\t\t\t\t\t<\/li>\n\t\t\t\t\t\t\t\t<li class=\"elementor-icon-list-item\">\n\t\t\t\t\t\t\t\t\t\t\t<span class=\"elementor-icon-list-icon\">\n\t\t\t\t\t\t\t<i aria-hidden=\"true\" class=\"jki jki-doctor-light\"><\/i>\t\t\t\t\t\t<\/span>\n\t\t\t\t\t\t\t\t\t\t<span class=\"elementor-icon-list-text\">Operation: Kinn-Injektionen<\/span>\n\t\t\t\t\t\t\t\t\t<\/li>\n\t\t\t\t\t\t\t\t<li class=\"elementor-icon-list-item\">\n\t\t\t\t\t\t\t\t\t\t\t<span class=\"elementor-icon-list-icon\">\n\t\t\t\t\t\t\t<i aria-hidden=\"true\" class=\"jki jki-stopwatch-solid\"><\/i>\t\t\t\t\t\t<\/span>\n\t\t\t\t\t\t\t\t\t\t<span class=\"elementor-icon-list-text\">Follow Up: 1 Month<\/span>\n\t\t\t\t\t\t\t\t\t<\/li>\n\t\t\t\t\t\t\t\t<li class=\"elementor-icon-list-item\">\n\t\t\t\t\t\t\t\t\t\t\t<span class=\"elementor-icon-list-icon\">\n\t\t\t\t\t\t\t<i aria-hidden=\"true\" class=\"jki jki-user\"><\/i>\t\t\t\t\t\t<\/span>\n\t\t\t\t\t\t\t\t\t\t<span class=\"elementor-icon-list-text\">Age:30 <\/span>\n\t\t\t\t\t\t\t\t\t<\/li>\n\t\t\t\t\t\t<\/ul>\n\t\t\t\t\t\t<\/div>\n\t\t\t\t<\/div>\n\t\t\t\t<\/div>\n\t\t<div class=\"elementor-element elementor-element-04c25e2 e-con-full e-flex cmsmasters-block-default e-con e-child\" data-id=\"04c25e2\" data-element_type=\"container\" data-e-type=\"container\">\n\t\t\t\t<div class=\"elementor-element elementor-element-a7e8f3c elementor-arrows-position-inside cmsmasters-block-default cmsmasters-sticky-default elementor-widget elementor-widget-image-carousel\" data-id=\"a7e8f3c\" data-element_type=\"widget\" data-e-type=\"widget\" data-settings=\"{&quot;slides_to_show&quot;:&quot;1&quot;,&quot;navigation&quot;:&quot;arrows&quot;,&quot;autoplay&quot;:&quot;yes&quot;,&quot;pause_on_hover&quot;:&quot;yes&quot;,&quot;pause_on_interaction&quot;:&quot;yes&quot;,&quot;autoplay_speed&quot;:5000,&quot;infinite&quot;:&quot;yes&quot;,&quot;effect&quot;:&quot;slide&quot;,&quot;speed&quot;:500}\" data-widget_type=\"image-carousel.default\">\n\t\t\t\t<div class=\"elementor-widget-container\">\n\t\t\t\t\t\t\t<div class=\"elementor-image-carousel-wrapper swiper\" role=\"region\" aria-roledescription=\"carousel\" aria-label=\"Resim D\u00f6ng\u00fcs\u00fc\" dir=\"ltr\">\n\t\t\t<div class=\"elementor-image-carousel swiper-wrapper\" aria-live=\"off\">\n\t\t\t\t\t\t\t\t<div class=\"swiper-slide\" role=\"group\" aria-roledescription=\"slide\" aria-label=\"1 von 1\"><figure class=\"swiper-slide-inner\"><img decoding=\"async\" class=\"swiper-slide-image cmsmasters_img cmsmasters-lazyload lazyload\" src=\"https:\/\/drvarsak.com\/wp-content\/uploads\/2025\/03\/Dolgu-uygulamalari-cene-ucu-dolgusu-300x300-1-30x30.jpg\" alt=\"Dolgu-uygulamalari-cene-ucu-dolgusu-300x300\" data-sizes=\"auto\" data-src=\"https:\/\/drvarsak.com\/wp-content\/uploads\/2025\/03\/Dolgu-uygulamalari-cene-ucu-dolgusu-300x300-1.jpg\"><\/figure><\/div>\t\t\t<\/div>\n\t\t\t\t\t<\/div>\n\t\t\t\t\t\t<\/div>\n\t\t\t\t<\/div>\n\t\t\t\t<\/div>\n\t\t\t\t\t<\/div>\n\t\t\t\t<\/div>\n\t\t\t\t<\/div>\n\t\t","protected":false},"excerpt":{"rendered":"<p>Chirurg:Yasin K\u00fcr\u015fad Varsak MD Operation: Kinn-Injektionen Follow Up: 1 Month Age:30<\/p>\n","protected":false},"author":1,"featured_media":0,"parent":0,"menu_order":0,"comment_status":"closed","ping_status":"closed","template":"","meta":{"_acf_changed":false,"footnotes":""},"class_list":["post-51446","page","type-page","status-publish","hentry"],"acf":[],"_links":{"self":[{"href":"https:\/\/drvarsak.com\/de\/wp-json\/wp\/v2\/pages\/51446","targetHints":{"allow":["GET"]}}],"collection":[{"href":"https:\/\/drvarsak.com\/de\/wp-json\/wp\/v2\/pages"}],"about":[{"href":"https:\/\/drvarsak.com\/de\/wp-json\/wp\/v2\/types\/page"}],"author":[{"embeddable":true,"href":"https:\/\/drvarsak.com\/de\/wp-json\/wp\/v2\/users\/1"}],"replies":[{"embeddable":true,"href":"https:\/\/drvarsak.com\/de\/wp-json\/wp\/v2\/comments?post=51446"}],"version-history":[{"count":1,"href":"https:\/\/drvarsak.com\/de\/wp-json\/wp\/v2\/pages\/51446\/revisions"}],"predecessor-version":[{"id":51447,"href":"https:\/\/drvarsak.com\/de\/wp-json\/wp\/v2\/pages\/51446\/revisions\/51447"}],"wp:attachment":[{"href":"https:\/\/drvarsak.com\/de\/wp-json\/wp\/v2\/media?parent=51446"}],"curies":[{"name":"wp","href":"https:\/\/api.w.org\/{rel}","templated":true}]}}